{"id":3171,"date":"2023-06-21T17:20:59","date_gmt":"2023-06-21T15:20:59","guid":{"rendered":"https:\/\/www.study-games.de\/?page_id=3171"},"modified":"2024-07-31T13:03:46","modified_gmt":"2024-07-31T11:03:46","slug":"impressum","status":"publish","type":"page","link":"https:\/\/www.study-games.de\/?page_id=3171","title":{"rendered":"Impressum"},"content":{"rendered":"<section data-bb-version=\"4.5.6\" id=\"bt_bb_section69d699e0dcdb4\" class=\"bt_bb_section bt_bb_layout_boxed_1200\"  data-bt-override-class=\"null\"><div class=\"bt_bb_port\"><div class=\"bt_bb_cell\"><div class=\"bt_bb_cell_inner\"><div class=\"bt_bb_row \"  data-bt-override-class=\"{}\"><div class=\"bt_bb_row_holder\" ><div data-bb-version=\"4.5.6\"  class=\"bt_bb_column col-xl-12 col-xs-12 col-sm-12 col-md-12 col-lg-12 bt_bb_align_left bt_bb_vertical_align_top bt_bb_padding_normal\"  data-width=\"12\" data-bt-override-class=\"{}\"><div class=\"bt_bb_column_content\"><div data-bb-version=\"4.5.6\"  class=\"bt_bb_text\" ><\/p>\n<p><strong>Anbieterkennzeichnung<\/strong><\/p>\n<p>Anbieter und somit verantwortlich f\u00fcr dieses Onlineangebot ist die Hochschule Reutlingen, vertreten durch Prof. Dr. Hendrik Brumme, Pr\u00e4sident.<\/p>\n<p>Dieses Onlineangebot ist ein Informationsangebot der<\/p>\n<p>Hochschule Reutlingen \/ Reutlingen University<br \/>\nAlteburgstra\u00dfe 150<br \/>\n72762 Reutlingen<br \/>\nDeutschland \/ Germany<\/p>\n<p>E-Mail:\u00a0info@reutlingen-university.de<br \/>\nWeb:\u00a0<a href=\"http:\/\/www.reutlingen-university.de\/\" target=\"_blank\" rel=\"noopener\">www.reutlingen-university.de<\/a><\/p>\n<p>Telefon: \u00a0 +49 7121 271-0<br \/>\nTelefax: \u00a0\u00a0 +49 7121 271-1101<\/p>\n<p>Sitz der Hochschule Reutlingen: 72762 Reutlingen<br \/>\nZust\u00e4ndiges Amtsgericht: Reutlingen<br \/>\nRechtsform: K\u00f6rperschaft des \u00f6ffentlichen Rechts (Kd\u00f6R)<\/p>\n<p>Anwendbares Recht: Recht der Bundesrepublik Deutschland (BRD)<\/p>\n<p>Finanzamt Reutlingen<br \/>\nUmsatzsteuer-Identifikationsnummer: DE 811 323 197<\/p>\n<p>Vertretungsberechtigt: Prof. Dr. Hendrik Brumme, Pr\u00e4sident<\/p>\n<p><strong>Zust\u00e4ndige Aufsichtsbeh\u00f6rde<\/strong><\/p>\n<p>Ministerium f\u00fcr Wissenschaft, Forschung und Kunst<br \/>\nBaden-W\u00fcrttemberg (MWK)<br \/>\nK\u00f6nigstra\u00dfe 46<br \/>\n70173 Stuttgart<br \/>\nTelefon: \u00a0 +49 711 270-0<br \/>\nTelefax: \u00a0\u00a0 +49 711 279-3080<br \/>\nE-Mail:\u00a0\u00a0\u00a0\u00a0\u00a0poststelle@mwk.bwl.de<br \/>\nWeb:\u00a0 \u00a0 \u00a0 \u00a0\u00a0<a href=\"http:\/\/www.mwk.baden-wuerttemberg.de\/\" target=\"_blank\" rel=\"noopener\">www.mwk.baden-wuerttemberg.de<\/a><\/p>\n<p><strong>Zust\u00e4ndige Aufsichtsbeh\u00f6rde f\u00fcr Datenschutz<\/strong><\/p>\n<p>Der Landesbeauftragte f\u00fcr den Datenschutz und die Informationsfreiheit<br \/>\nK\u00f6nigstra\u00dfe 10 a<br \/>\n70173 Stuttgart<br \/>\nTel.: \u00a0\u00a0\u00a0\u00a0\u00a0\u00a0 0711\/615541-0<br \/>\nFAX: \u00a0\u00a0\u00a0\u00a0\u00a0\u00a0 0711\/615541-15<br \/>\nE-Mail: \u00a0\u00a0\u00a0\u00a0poststelle@lfdi.bwl.de<\/p>\n<p><strong>Informationen zur Online-Streitbeilegung gem\u00e4\u00df Art. 14 Abs. 1 ODR-VO:<\/strong><\/p>\n<p>Die EU-Kommission stellt eine Plattform zur Online-Streitbeilegung (OS) bereit, die Sie unter\u00a0<a href=\"https:\/\/ec.europa.eu\/consumers\/odr\" target=\"_blank\" rel=\"noopener\">https:\/\/ec.europa.eu\/consumers\/odr<\/a>\u00a0finden. Die OS-Plattform dient als Anlaufstelle zur au\u00dfergerichtlichen Beilegung von Streitigkeiten betreffend vertraglicher Verpflichtungen.<\/p>\n<p>Wir sind zur Teilnahme an einem Streitbeilegungsverfahren vor einer Verbraucherschlichtungsstelle weder verpflichtet noch bereit.<\/p>\n<p><strong>Verantwortlicher f\u00fcr journalistisch redaktionelle Beitr\u00e4ge gem\u00e4\u00df \u00a7 18 Abs. 2 Medienstaatsvertrag (MStV):<\/strong><\/p>\n<p>E-Mail: Marcus.schoeller@reutlingen-univervsity.de<br \/>\nFakult\u00e4t Informatik<br \/>\nHochschule Reutlingen, Alteburgstra\u00dfe 150, 72762 Reutlingen, Deutschland\/Germany<\/p>\n<p><strong>Externer Datenschutzbeauftragter gem\u00e4\u00df Art. 37 DSGVO:<\/strong><\/p>\n<p>Maximilian Musch, Deutsche Datenschutzkanzlei<br \/>\nE-Mail:\u00a0maximilian.musch@reutlingen-university.de<br \/>\nWeb:\u00a0<a href=\"http:\/\/www.deutsche-datenschutzkanzlei.de\/\" target=\"_blank\" rel=\"noopener\">www.deutsche-datenschutzkanzlei.de<\/a><\/p>\n<p><strong>Technische Betreuung dieses Onlineangebotes:<\/strong><br \/>\nE-Mail:\u00a0<a>rmz-leitung@reutlingen-university.de<\/a><br \/>\nHochschule Reutlingen, Alteburgstra\u00dfe 150, 72762 Reutlingen, Deutschland\/Germany<\/p>\n<p><strong>Konzeption dieses Onlineangebotes:<\/strong><\/p>\n<p><strong>Haftung<\/strong><br \/>\nDie Hochschule Reutlingen kann dieses Onlineangebot nach eigenem Ermessen und ohne \u00dcbernahme einer Haftung jederzeit ohne Ank\u00fcndigung ganz oder teilweise ver\u00e4ndern und dessen Betrieb einstellen. Durch das Setzen eines Links zu fremden Onlineangeboten (&#8222;Hyperlinks&#8220;) macht sich die Hochschule Reutlingen weder dieses Onlineangebot noch dessen Inhalte zu Eigen. Ferner ist die Hochschule Reutlingen nicht verantwortlich f\u00fcr die Verf\u00fcgbarkeit dieser Onlineangebote oder ihrer Inhalte.<\/p>\n<p><strong>\u00a9 Copyright<\/strong><br \/>\nAlle Rechte vorbehalten. Text, Bilder und Grafiken sowie deren Anordnung im Onlineangebot unterliegen dem Schutz des Urheberrechts und anderer Schutzgesetze. Der Inhalt dieses Onlineangebots darf nicht zu kommerziellen Zwecken kopiert, verbreitet, ver\u00e4ndert oder Dritten zug\u00e4nglich gemacht werden.<\/p>\n<p>\u00a9\ufe0f der Games-Bilder: Studierende des Studiengangs MKI, 2023, Hochschule Reutlingen.<\/p>\n<p><strong>Hinweis: Allgemeines Gleichbehandlungsgesetz (AGG)<\/strong><br \/>\nAus Gr\u00fcnden der leichteren Lesbarkeit wird auf eine geschlechterspezifische Differenzierung verzichtet. Entsprechende Begriffe gelten im Sinne der Gleichbehandlung f\u00fcr beide Geschlechter.<\/p>\n<p><strong>Dieses Impressum wurde erstellt von:<\/strong><\/p>\n<p>Deutsche Datenschutzkanzlei Datenschutz-Office M\u00fcnchen \u2013\u00a0<a href=\"http:\/\/www.deutsche-datenschutzkanzlei.de\/\" target=\"_blank\" rel=\"noopener\">www.deutsche-datenschutzkanzlei.de<\/a><\/p>\n<p>\n<\/div><\/div><\/div><\/div><\/div><\/div><!-- cell_inner --><\/div><!-- cell --><\/div><!-- port --><\/section>\n","protected":false},"excerpt":{"rendered":"","protected":false},"author":1,"featured_media":0,"parent":0,"menu_order":0,"comment_status":"closed","ping_status":"closed","template":"","meta":{"footnotes":""},"class_list":["post-3171","page","type-page","status-publish","hentry"],"_links":{"self":[{"href":"https:\/\/www.study-games.de\/index.php?rest_route=\/wp\/v2\/pages\/3171","targetHints":{"allow":["GET"]}}],"collection":[{"href":"https:\/\/www.study-games.de\/index.php?rest_route=\/wp\/v2\/pages"}],"about":[{"href":"https:\/\/www.study-games.de\/index.php?rest_route=\/wp\/v2\/types\/page"}],"author":[{"embeddable":true,"href":"https:\/\/www.study-games.de\/index.php?rest_route=\/wp\/v2\/users\/1"}],"replies":[{"embeddable":true,"href":"https:\/\/www.study-games.de\/index.php?rest_route=%2Fwp%2Fv2%2Fcomments&post=3171"}],"version-history":[{"count":5,"href":"https:\/\/www.study-games.de\/index.php?rest_route=\/wp\/v2\/pages\/3171\/revisions"}],"predecessor-version":[{"id":3264,"href":"https:\/\/www.study-games.de\/index.php?rest_route=\/wp\/v2\/pages\/3171\/revisions\/3264"}],"wp:attachment":[{"href":"https:\/\/www.study-games.de\/index.php?rest_route=%2Fwp%2Fv2%2Fmedia&parent=3171"}],"curies":[{"name":"wp","href":"https:\/\/api.w.org\/{rel}","templated":true}]}}